{"id":1379,"date":"2019-01-17T17:28:04","date_gmt":"2019-01-17T16:28:04","guid":{"rendered":"http:\/\/kulturschmiede-ev.de\/?page_id=1379"},"modified":"2026-03-05T15:18:20","modified_gmt":"2026-03-05T14:18:20","slug":"die-kulturschmiede-mieten","status":"publish","type":"page","link":"https:\/\/kulturschmiede-ev.de\/index.php\/die-kulturschmiede-mieten\/","title":{"rendered":"Kulturschmiede buchen"},"content":{"rendered":"\t\t<div data-elementor-type=\"wp-page\" data-elementor-id=\"1379\" class=\"elementor elementor-1379\">\n\t\t\t\t<div class=\"elementor-element elementor-element-e66ecff e-flex e-con-boxed e-con e-parent\" data-id=\"e66ecff\" data-element_type=\"container\" data-e-type=\"container\">\n\t\t\t\t\t<div class=\"e-con-inner\">\n\t\t<div class=\"elementor-element elementor-element-5d83311 e-con-full e-flex e-con e-child\" data-id=\"5d83311\" data-element_type=\"container\" data-e-type=\"container\">\n\t\t\t\t<div class=\"elementor-element elementor-element-a8cc0c8 elementor-widget elementor-widget-html\" data-id=\"a8cc0c8\" data-element_type=\"widget\" data-e-type=\"widget\" data-widget_type=\"html.default\">\n\t\t\t\t<div class=\"elementor-widget-container\">\n\t\t\t\t\t<style> .shine-button {\n  position: relative;\n  border: none;\n  border-radius:8px;\n  cursor: pointer;\n  overflow: hidden;\n \n  transition: transform 0.3s ease;\n}\n\n.shine-button:hover {\n  transform: scale(1.05);\n}\n\n\/* Glanzlinie *\/\n.shine-button::before {\n  content: \"\";\n  position: absolute;\n  top: 0;\n  left: -75%;\n  width: 50%;\n  height: 100%;\n  background: linear-gradient(\n    120deg,\n    transparent,\n    rgba(255, 255, 255, 0.6),\n    transparent\n  );\n  transform: skewX(-20deg);\n  animation: shine 2s infinite;\n}\n\n@keyframes shine {\n  0% {\n    left: -75%;\n  }\n  100% {\n    left: 125%;\n  }\n}\n\n<\/style>\t\t\t\t<\/div>\n\t\t\t\t<\/div>\n\t\t\t\t<div class=\"elementor-element elementor-element-7aa4b5a elementor-widget elementor-widget-heading\" data-id=\"7aa4b5a\" data-element_type=\"widget\" data-e-type=\"widget\" data-widget_type=\"heading.default\">\n\t\t\t\t<div class=\"elementor-widget-container\">\n\t\t\t\t\t<h1 class=\"elementor-heading-title elementor-size-default\">Die Kulturschmiede kann nach Absprache f\u00fcr private Veranstaltungen gemietet werden.<\/h1>\t\t\t\t<\/div>\n\t\t\t\t<\/div>\n\t\t\t\t<div class=\"elementor-element elementor-element-98dfde8 shine-button elementor-widget elementor-widget-button\" data-id=\"98dfde8\" data-element_type=\"widget\" data-e-type=\"widget\" data-widget_type=\"button.default\">\n\t\t\t\t<div class=\"elementor-widget-container\">\n\t\t\t\t\t\t\t\t\t<div class=\"elementor-button-wrapper\">\n\t\t\t\t\t<a class=\"elementor-button elementor-button-link elementor-size-sm\" href=\"https:\/\/kulturschmiede-ev.de\/index.php\/veranstaltungen#Kalender\">\n\t\t\t\t\t\t<span class=\"elementor-button-content-wrapper\">\n\t\t\t\t\t\t\t\t\t<span class=\"elementor-button-text\">zum Kalender<\/span>\n\t\t\t\t\t<\/span>\n\t\t\t\t\t<\/a>\n\t\t\t\t<\/div>\n\t\t\t\t\t\t\t\t<\/div>\n\t\t\t\t<\/div>\n\t\t\t\t<\/div>\n\t\t<div class=\"elementor-element elementor-element-e78fb5c e-con-full e-flex e-con e-child\" data-id=\"e78fb5c\" data-element_type=\"container\" data-e-type=\"container\">\n\t\t\t\t<div class=\"elementor-element elementor-element-0f1b315 elementor-widget elementor-widget-image\" data-id=\"0f1b315\" data-element_type=\"widget\" data-e-type=\"widget\" data-widget_type=\"image.default\">\n\t\t\t\t<div class=\"elementor-widget-container\">\n\t\t\t\t\t\t\t\t\t\t\t\t\t\t\t<img fetchpriority=\"high\" decoding=\"async\" width=\"1024\" height=\"768\" src=\"https:\/\/kulturschmiede-ev.de\/wp-content\/uploads\/2019\/05\/IMG_8561-1024x768.jpg\" class=\"attachment-large size-large wp-image-1775\" alt=\"\" srcset=\"https:\/\/kulturschmiede-ev.de\/wp-content\/uploads\/2019\/05\/IMG_8561-1024x768.jpg 1024w, https:\/\/kulturschmiede-ev.de\/wp-content\/uploads\/2019\/05\/IMG_8561-533x400.jpg 533w, https:\/\/kulturschmiede-ev.de\/wp-content\/uploads\/2019\/05\/IMG_8561-1200x900.jpg 1200w\" sizes=\"(max-width: 1024px) 100vw, 1024px\" \/>\t\t\t\t\t\t\t\t\t\t\t\t\t\t\t<\/div>\n\t\t\t\t<\/div>\n\t\t\t\t<\/div>\n\t\t\t\t\t<\/div>\n\t\t\t\t<\/div>\n\t\t<div class=\"elementor-element elementor-element-5f73fe41 e-flex e-con-boxed e-con e-parent\" data-id=\"5f73fe41\" data-element_type=\"container\" data-e-type=\"container\">\n\t\t\t\t\t<div class=\"e-con-inner\">\n\t\t\t\t<div class=\"elementor-element elementor-element-4544a51 elementor-widget elementor-widget-heading\" data-id=\"4544a51\" data-element_type=\"widget\" data-e-type=\"widget\" data-widget_type=\"heading.default\">\n\t\t\t\t<div class=\"elementor-widget-container\">\n\t\t\t\t\t<h2 class=\"elementor-heading-title elementor-size-default\">Preis\u00fcbersicht<\/h2>\t\t\t\t<\/div>\n\t\t\t\t<\/div>\n\t\t\t\t<div class=\"elementor-element elementor-element-9e9955f elementor-widget-divider--view-line elementor-widget elementor-widget-divider\" data-id=\"9e9955f\" data-element_type=\"widget\" data-e-type=\"widget\" data-widget_type=\"divider.default\">\n\t\t\t\t<div class=\"elementor-widget-container\">\n\t\t\t\t\t\t\t<div class=\"elementor-divider\">\n\t\t\t<span class=\"elementor-divider-separator\">\n\t\t\t\t\t\t<\/span>\n\t\t<\/div>\n\t\t\t\t\t\t<\/div>\n\t\t\t\t<\/div>\n\t\t\t\t<div class=\"elementor-element elementor-element-17e1410f elementor-widget elementor-widget-text-editor\" data-id=\"17e1410f\" data-element_type=\"widget\" data-e-type=\"widget\" data-widget_type=\"text-editor.default\">\n\t\t\t\t<div class=\"elementor-widget-container\">\n\t\t\t\t\t\t\t\t\t<p>Die Kulturschmiede wird in erster Linie an Mitglieder vermietet. Private Feiern m\u00fcssen mit R\u00fccksicht auf die Nachbarn sp\u00e4testens um 20:00 Uhr beendet werden.<\/p><p>Um nicht ausdr\u00fcckliche Nutzungsgebote aufstellen zu m\u00fcssen, bitten wir bei Nutzungsart und Nutzungsdauer um R\u00fccksicht auf die Be- und Anwohner der Kulturschmiede.<\/p><p>Eine Vermietung an Unternehmen ist auf Anfrage m\u00f6glich. Eine individuelle Preisanfrage ist m\u00f6glich.<\/p><p>F\u00fcr den Unterhalt und die laufenden Kosten der Kulturschmiede erheben wir daf\u00fcr folgende Geb\u00fchren:<\/p><table style=\"height: 149px;\" border=\"1\" width=\"347\"><tbody><tr><th>Dauer<\/th><th>Nichtmitglieder<\/th><th>Mitglieder<\/th><\/tr><tr><td>2,0 \u2013 2,5 Std<\/td><td>50,00 \u20ac<\/td><td>30,00 \u20ac<\/td><\/tr><tr><td>3,0 \u2013 6,0 Std<\/td><td>120,00 \u20ac<\/td><td>80,00 \u20ac<\/td><\/tr><tr><td>Tagessatz\u00a0<\/td><td>250,00 \u20ac<\/td><td>130,00 \u20ac<\/td><\/tr><tr><td>Endreinigung<\/td><td style=\"text-align: left;\" colspan=\"2\">\u00a0 \u00a0 \u00a0 \u00a0 \u00a0 \u00a0 \u00a0 \u00a0 \u00a0 \u00a0 \u00a0 \u00a0 \u00a0 \u00a0 \u00a0 \u00a0 \u00a0 \u00a050,00 \u20ac<\/td><\/tr><\/tbody><\/table><p>Davon abweichende Mietzeiten k\u00f6nnen wir gerne in einem pers\u00f6nlichen Gespr\u00e4ch kl\u00e4ren.<\/p>\t\t\t\t\t\t\t\t<\/div>\n\t\t\t\t<\/div>\n\t\t\t\t\t<\/div>\n\t\t\t\t<\/div>\n\t\t<div class=\"elementor-element elementor-element-d312832 e-flex e-con-boxed e-con e-parent\" data-id=\"d312832\" data-element_type=\"container\" data-e-type=\"container\" data-settings=\"{&quot;background_background&quot;:&quot;classic&quot;}\">\n\t\t\t\t\t<div class=\"e-con-inner\">\n\t\t<div class=\"elementor-element elementor-element-f4df0a1 e-con-full e-flex e-con e-child\" data-id=\"f4df0a1\" data-element_type=\"container\" data-e-type=\"container\">\n\t\t\t\t<div class=\"elementor-element elementor-element-b85a6c4 animated-slow elementor-invisible elementor-widget elementor-widget-heading\" data-id=\"b85a6c4\" data-element_type=\"widget\" data-e-type=\"widget\" data-settings=\"{&quot;_animation&quot;:&quot;fadeIn&quot;}\" data-widget_type=\"heading.default\">\n\t\t\t\t<div class=\"elementor-widget-container\">\n\t\t\t\t\t<h1 class=\"elementor-heading-title elementor-size-default\">Buchung<\/h1>\t\t\t\t<\/div>\n\t\t\t\t<\/div>\n\t\t\t\t<div class=\"elementor-element elementor-element-dc62993 elementor-invisible elementor-widget elementor-widget-text-editor\" data-id=\"dc62993\" data-element_type=\"widget\" data-e-type=\"widget\" data-settings=\"{&quot;_animation&quot;:&quot;fadeIn&quot;}\" data-widget_type=\"text-editor.default\">\n\t\t\t\t<div class=\"elementor-widget-container\">\n\t\t\t\t\t\t\t\t\t<div class=\"elementor-element elementor-element-0f337c8 elementor-widget elementor-widget-text-editor\" data-id=\"0f337c8\" data-element_type=\"text-editor.default\"><div class=\"elementor-widget-container\"><div class=\"elementor-text-editor elementor-clearfix\"><p>Private Feiern sind nur noch f\u00fcr Mitglieder der Kulturschmiede m\u00f6glich. Sollten Sie eine \u00f6ffentlich Veranstaltung planen, k\u00f6nnen Sie gerne unser Kontaktformular<br \/>nutzen. Bitte schauen Sie vorher in unseren <a href=\"https:\/\/kulturschmiede-ev.de\/index.php\/veranstaltungen\/\">Veranstaltungskalender<\/a>, ob der Tag bzw. der Zeitraum f\u00fcr Ihre geplante Veranstaltung frei ist. Sie erhalten im ersten Schritt eine Best\u00e4tigungsnachricht. Im zweiten<br \/>Schritt melden wir uns nochmal per E-Mail,<br \/>um die Einzelheiten mit Ihnen zu planen.<\/p><\/div><\/div><\/div>\t\t\t\t\t\t\t\t<\/div>\n\t\t\t\t<\/div>\n\t\t\t\t<div class=\"elementor-element elementor-element-04dfc19 animated-slow elementor-invisible elementor-widget elementor-widget-heading\" data-id=\"04dfc19\" data-element_type=\"widget\" data-e-type=\"widget\" data-settings=\"{&quot;_animation&quot;:&quot;fadeIn&quot;}\" data-widget_type=\"heading.default\">\n\t\t\t\t<div class=\"elementor-widget-container\">\n\t\t\t\t\t<h3 class=\"elementor-heading-title elementor-size-default\">Veranstaltungskalender<\/h3>\t\t\t\t<\/div>\n\t\t\t\t<\/div>\n\t\t\t\t<div class=\"elementor-element elementor-element-fbe3b2c elementor-widget elementor-widget-image\" data-id=\"fbe3b2c\" data-element_type=\"widget\" data-e-type=\"widget\" data-widget_type=\"image.default\">\n\t\t\t\t<div class=\"elementor-widget-container\">\n\t\t\t\t\t\t\t\t\t\t\t\t\t\t\t<img decoding=\"async\" width=\"370\" height=\"363\" src=\"https:\/\/kulturschmiede-ev.de\/wp-content\/uploads\/2025\/05\/neu-Kalender-QR.png\" class=\"attachment-large size-large wp-image-7033\" alt=\"\" \/>\t\t\t\t\t\t\t\t\t\t\t\t\t\t\t<\/div>\n\t\t\t\t<\/div>\n\t\t\t\t<\/div>\n\t\t<div class=\"elementor-element elementor-element-80765d1 e-con-full e-flex e-con e-child\" data-id=\"80765d1\" data-element_type=\"container\" data-e-type=\"container\">\n\t\t\t\t<div class=\"elementor-element elementor-element-52c65d1 animated-slow elementor-invisible elementor-widget elementor-widget-heading\" data-id=\"52c65d1\" data-element_type=\"widget\" data-e-type=\"widget\" data-settings=\"{&quot;_animation&quot;:&quot;fadeIn&quot;}\" data-widget_type=\"heading.default\">\n\t\t\t\t<div class=\"elementor-widget-container\">\n\t\t\t\t\t<h3 class=\"elementor-heading-title elementor-size-default\">Bitte beachten:<\/h3>\t\t\t\t<\/div>\n\t\t\t\t<\/div>\n\t\t\t\t<div class=\"elementor-element elementor-element-4aae72b elementor-invisible elementor-widget elementor-widget-text-editor\" data-id=\"4aae72b\" data-element_type=\"widget\" data-e-type=\"widget\" data-settings=\"{&quot;_animation&quot;:&quot;fadeIn&quot;}\" data-widget_type=\"text-editor.default\">\n\t\t\t\t<div class=\"elementor-widget-container\">\n\t\t\t\t\t\t\t\t\t<div class=\"elementor-element elementor-element-0f337c8 elementor-widget elementor-widget-text-editor\" data-id=\"0f337c8\" data-element_type=\"text-editor.default\"><div class=\"elementor-widget-container\"><div class=\"elementor-text-editor elementor-clearfix\"><p>Bitte ber\u00fccksichtigen Sie bei Ihrer Buchung folgende Rahmenbedingungen:<\/p><ul><li>Die Kulturschmiede ist f\u00fcr Veranstaltungen mit maximal 30 Personen geeignet.<\/li><li>Wir bitten Sie, Ihre Feierlichkeit bis 20 Uhr ausklingen zu lassen.<\/li><\/ul><\/div><\/div><\/div>\t\t\t\t\t\t\t\t<\/div>\n\t\t\t\t<\/div>\n\t\t\t\t<\/div>\n\t\t\t\t\t<\/div>\n\t\t\t\t<\/div>\n\t\t<div class=\"elementor-element elementor-element-f13ef5f e-flex e-con-boxed e-con e-parent\" data-id=\"f13ef5f\" data-element_type=\"container\" data-e-type=\"container\">\n\t\t\t\t\t<div class=\"e-con-inner\">\n\t\t\t\t<div class=\"elementor-element elementor-element-7663ccd elementor-widget elementor-widget-html\" data-id=\"7663ccd\" data-element_type=\"widget\" data-e-type=\"widget\" data-widget_type=\"html.default\">\n\t\t\t\t<div class=\"elementor-widget-container\">\n\t\t\t\t\t<style>\nbutton#wpforms-submit-6745, form#wpforms-form-6745 button.wpforms-page-button {\n    background-color: #5D5D5D;\n    border-color: #5D5D5D;\n    color: #fff;\n    transition: background 0.3s ease-in-out;\n    border: none;\n    border-radius: 10px;\n    box-shadow: 5px 5px 10px rgba(0, 0, 0.5, 0.5); \/* Schatten nach unten und rechts *\/\n    \n}\n\nbutton#wpforms-submit-6745:hover, form#wpforms-form-6745 button.wpforms-page-button:hover {\n    background-color: #295E4F !important;\n    position: relative;\n  border: none;\n  border-radius:8px;\n  cursor: pointer;\n  overflow: hidden;\n \n  transition: transform 0.3s ease;\n}\n\n#wpforms-submit-6745:hover {\n  transform: scale(1.05);\n}\n\n\/* Glanzlinie *\/\n#wpforms-submit-6745:before {\n  content: \"\";\n  position: absolute;\n  top: 0;\n  left: -75%;\n  width: 50%;\n  height: 100%;\n  background: linear-gradient(\n    120deg,\n    transparent,\n    rgba(255, 255, 255, 0.6),\n    transparent\n  );\n  transform: skewX(-20deg);\n  animation: shine 2s infinite;\n}\n\n@keyframes shine {\n  0% {\n    left: -75%;\n  }\n  100% {\n    left: 125%;\n  }\n}\n\n}\n<\/style>\t\t\t\t<\/div>\n\t\t\t\t<\/div>\n\t\t<div class=\"elementor-element elementor-element-6502678 e-con-full e-flex e-con e-child\" data-id=\"6502678\" data-element_type=\"container\" data-e-type=\"container\">\n\t\t\t\t<div class=\"elementor-element elementor-element-200e8a5 elementor-widget elementor-widget-menu-anchor\" data-id=\"200e8a5\" data-element_type=\"widget\" data-e-type=\"widget\" data-widget_type=\"menu-anchor.default\">\n\t\t\t\t<div class=\"elementor-widget-container\">\n\t\t\t\t\t\t\t<div class=\"elementor-menu-anchor\" id=\"Kontakt\"><\/div>\n\t\t\t\t\t\t<\/div>\n\t\t\t\t<\/div>\n\t\t\t\t<div class=\"elementor-element elementor-element-c36d720 elementor-invisible elementor-widget elementor-widget-text-editor\" data-id=\"c36d720\" data-element_type=\"widget\" data-e-type=\"widget\" data-settings=\"{&quot;_animation&quot;:&quot;fadeIn&quot;}\" data-widget_type=\"text-editor.default\">\n\t\t\t\t<div class=\"elementor-widget-container\">\n\t\t\t\t\t\t\t\t\t<p>Nat\u00fcrlich k\u00f6nnen Sie auch gerne per <strong>Kontaktformular<\/strong> eine<br \/>Anfrage an uns senden. Bitte f\u00fcllen Sie daf\u00fcr die<br \/>Formularfelder aus. Wir nehmen dann Kontakt zu Ihnen auf,<br \/>um alles weitere zu besprechen.<\/p>\t\t\t\t\t\t\t\t<\/div>\n\t\t\t\t<\/div>\n\t\t\t\t<\/div>\n\t\t\t\t<div class=\"elementor-element elementor-element-e2b67db Kontaktformular elementor-widget elementor-widget-shortcode\" data-id=\"e2b67db\" data-element_type=\"widget\" data-e-type=\"widget\" id=\"Kontaktformular\" data-widget_type=\"shortcode.default\">\n\t\t\t\t<div class=\"elementor-widget-container\">\n\t\t\t\t\t\t\t<div class=\"elementor-shortcode\"><style id=\"wpforms-css-vars-6745\">\n\t\t\t\t#wpforms-6745 {\n\t\t\t\t\n\t\t\t}\n\t\t\t<\/style><div class=\"wpforms-container wpforms-container-full Kontaktformular wpforms-render-modern\" id=\"wpforms-6745\"><form id=\"wpforms-form-6745\" class=\"wpforms-validate wpforms-form wpforms-ajax-form\" data-formid=\"6745\" method=\"post\" enctype=\"multipart\/form-data\" action=\"\/index.php\/wp-json\/wp\/v2\/pages\/1379\" data-token=\"eae6b75af80a75ecb5b9b31a41d563db\" data-token-time=\"1777551503\"><noscript class=\"wpforms-error-noscript\">Bitte aktiviere JavaScript in deinem Browser, um dieses Formular fertigzustellen.<\/noscript><div id=\"wpforms-error-noscript\" style=\"display: none;\">Bitte aktiviere JavaScript in deinem Browser, um dieses Formular fertigzustellen.<\/div><div class=\"wpforms-field-container\"><div id=\"wpforms-6745-field_1-container\" class=\"wpforms-field wpforms-field-name wpforms-one-half wpforms-first\" data-field-id=\"1\"><label class=\"wpforms-field-label\" for=\"wpforms-6745-field_1\">Name <span class=\"wpforms-required-label\" aria-hidden=\"true\">*<\/span><\/label><input type=\"text\" id=\"wpforms-6745-field_1\" class=\"wpforms-field-large wpforms-field-required\" name=\"wpforms[fields][1]\" aria-errormessage=\"wpforms-6745-field_1-error\" required><\/div><div id=\"wpforms-6745-field_4-container\" class=\"wpforms-field wpforms-field-name wpforms-one-half\" data-field-id=\"4\"><label class=\"wpforms-field-label\" for=\"wpforms-6745-field_4\">Titel der Veranstaltung<\/label><input type=\"text\" id=\"wpforms-6745-field_4\" class=\"wpforms-field-large\" name=\"wpforms[fields][4]\" aria-errormessage=\"wpforms-6745-field_4-error\" ><\/div><div id=\"wpforms-6745-field_5-container\" class=\"wpforms-field wpforms-field-name wpforms-one-half wpforms-first\" data-field-id=\"5\"><label class=\"wpforms-field-label\" for=\"wpforms-6745-field_5\">Veranstaltungsart<\/label><input type=\"text\" id=\"wpforms-6745-field_5\" class=\"wpforms-field-large\" name=\"wpforms[fields][5]\" aria-errormessage=\"wpforms-6745-field_5-error\" ><\/div><div id=\"wpforms-6745-field_6-container\" class=\"wpforms-field wpforms-field-name wpforms-one-half\" data-field-id=\"6\"><label class=\"wpforms-field-label\" for=\"wpforms-6745-field_6\">geplante Dauer<\/label><input type=\"text\" id=\"wpforms-6745-field_6\" class=\"wpforms-field-large\" name=\"wpforms[fields][6]\" aria-errormessage=\"wpforms-6745-field_6-error\" ><\/div><div id=\"wpforms-6745-field_7-container\" class=\"wpforms-field wpforms-field-name wpforms-one-third wpforms-first\" data-field-id=\"7\"><label class=\"wpforms-field-label\" for=\"wpforms-6745-field_7\">Ihr Wunschtermin<\/label><input type=\"text\" id=\"wpforms-6745-field_7\" class=\"wpforms-field-medium\" name=\"wpforms[fields][7]\" aria-errormessage=\"wpforms-6745-field_7-error\" ><\/div><div id=\"wpforms-6745-field_2-container\" class=\"wpforms-field wpforms-field-email wpforms-two-thirds\" data-field-id=\"2\"><label class=\"wpforms-field-label\" for=\"wpforms-6745-field_2\">E-Mail-Adresse <span class=\"wpforms-required-label\" aria-hidden=\"true\">*<\/span><\/label><input type=\"email\" id=\"wpforms-6745-field_2\" class=\"wpforms-field-large wpforms-field-required\" name=\"wpforms[fields][2]\" spellcheck=\"false\" aria-errormessage=\"wpforms-6745-field_2-error\" required><\/div>\t\t<div id=\"wpforms-6745-field_8-container\"\n\t\t\tclass=\"wpforms-field wpforms-field-text\"\n\t\t\tdata-field-type=\"text\"\n\t\t\tdata-field-id=\"8\"\n\t\t\t>\n\t\t\t<label class=\"wpforms-field-label\" for=\"wpforms-6745-field_8\" >Dauer uns: E-Mail-Adresse<\/label>\n\t\t\t<input type=\"text\" id=\"wpforms-6745-field_8\" class=\"wpforms-field-medium\" name=\"wpforms[fields][8]\" >\n\t\t<\/div>\n\t\t<div id=\"wpforms-6745-field_3-container\" class=\"wpforms-field wpforms-field-textarea\" data-field-id=\"3\"><label class=\"wpforms-field-label\" for=\"wpforms-6745-field_3\">Ihre Nachricht an uns: <span class=\"wpforms-required-label\" aria-hidden=\"true\">*<\/span><\/label><textarea id=\"wpforms-6745-field_3\" class=\"wpforms-field-medium wpforms-field-required\" name=\"wpforms[fields][3]\" aria-errormessage=\"wpforms-6745-field_3-error\" required><\/textarea><\/div><script>\n\t\t\t\t( function() {\n\t\t\t\t\tconst style = document.createElement( 'style' );\n\t\t\t\t\tstyle.appendChild( document.createTextNode( '#wpforms-6745-field_8-container { position: absolute !important; overflow: hidden !important; display: inline !important; height: 1px !important; width: 1px !important; z-index: -1000 !important; padding: 0 !important; } #wpforms-6745-field_8-container input { visibility: hidden; } #wpforms-conversational-form-page #wpforms-6745-field_8-container label { counter-increment: none; }' ) );\n\t\t\t\t\tdocument.head.appendChild( style );\n\t\t\t\t\tdocument.currentScript?.remove();\n\t\t\t\t} )();\n\t\t\t<\/script><\/div><!-- .wpforms-field-container --><div class=\"wpforms-submit-container\" ><input type=\"hidden\" name=\"wpforms[id]\" value=\"6745\"><input type=\"hidden\" name=\"page_title\" value=\"\"><input type=\"hidden\" name=\"page_url\" value=\"https:\/\/kulturschmiede-ev.de\/index.php\/wp-json\/wp\/v2\/pages\/1379\"><input type=\"hidden\" name=\"url_referer\" value=\"\"><button type=\"submit\" name=\"wpforms[submit]\" id=\"wpforms-submit-6745\" class=\"wpforms-submit Kontaktbutton\" data-alt-text=\"Senden....\" data-submit-text=\"Absenden\" aria-live=\"assertive\" value=\"wpforms-submit\">Absenden<\/button><img decoding=\"async\" src=\"https:\/\/kulturschmiede-ev.de\/wp-content\/plugins\/wpforms-lite\/assets\/images\/submit-spin.svg\" class=\"wpforms-submit-spinner\" style=\"display: none;\" width=\"26\" height=\"26\" alt=\"Wird geladen\"><\/div><\/form><\/div>  <!-- .wpforms-container -->\n<\/div>\n\t\t\t\t\t\t<\/div>\n\t\t\t\t<\/div>\n\t\t\t\t<div class=\"elementor-element elementor-element-8874afb elementor-invisible elementor-widget elementor-widget-text-editor\" data-id=\"8874afb\" data-element_type=\"widget\" data-e-type=\"widget\" data-settings=\"{&quot;_animation&quot;:&quot;fadeIn&quot;}\" data-widget_type=\"text-editor.default\">\n\t\t\t\t<div class=\"elementor-widget-container\">\n\t\t\t\t\t\t\t\t\t<p>Es gilt unsere <a href=\"https:\/\/kulturschmiede-ev.de\/index.php\/datenschutzerklaerung\/\">Datenschutzerkl\u00e4rung<\/a><\/p>\t\t\t\t\t\t\t\t<\/div>\n\t\t\t\t<\/div>\n\t\t\t\t\t<\/div>\n\t\t\t\t<\/div>\n\t\t\t\t<\/div>\n\t\t","protected":false},"excerpt":{"rendered":"<p>Die Kulturschmiede kann nach Absprache f\u00fcr private Veranstaltungen gemietet werden. zum Kalender Preis\u00fcbersicht Die Kulturschmiede wird in erster Linie an Mitglieder vermietet. Private Feiern m\u00fcssen mit R\u00fccksicht auf die Nachbarn [&hellip;]<\/p>\n","protected":false},"author":1,"featured_media":0,"parent":0,"menu_order":0,"comment_status":"closed","ping_status":"closed","template":"","meta":{"_acf_changed":false,"ocean_post_layout":"","ocean_both_sidebars_style":"","ocean_both_sidebars_content_width":0,"ocean_both_sidebars_sidebars_width":0,"ocean_sidebar":"0","ocean_second_sidebar":"0","ocean_disable_margins":"enable","ocean_add_body_class":"","ocean_shortcode_before_top_bar":"","ocean_shortcode_after_top_bar":"","ocean_shortcode_before_header":"","ocean_shortcode_after_header":"","ocean_has_shortcode":"","ocean_shortcode_after_title":"","ocean_shortcode_before_footer_widgets":"","ocean_shortcode_after_footer_widgets":"","ocean_shortcode_before_footer_bottom":"","ocean_shortcode_after_footer_bottom":"","ocean_display_top_bar":"default","ocean_display_header":"default","ocean_header_style":"","ocean_center_header_left_menu":"0","ocean_custom_header_template":"0","ocean_custom_logo":0,"ocean_custom_retina_logo":0,"ocean_custom_logo_max_width":0,"ocean_custom_logo_tablet_max_width":0,"ocean_custom_logo_mobile_max_width":0,"ocean_custom_logo_max_height":0,"ocean_custom_logo_tablet_max_height":0,"ocean_custom_logo_mobile_max_height":0,"ocean_header_custom_menu":"0","ocean_menu_typo_font_family":"0","ocean_menu_typo_font_subset":"","ocean_menu_typo_font_size":0,"ocean_menu_typo_font_size_tablet":0,"ocean_menu_typo_font_size_mobile":0,"ocean_menu_typo_font_size_unit":"px","ocean_menu_typo_font_weight":"","ocean_menu_typo_font_weight_tablet":"","ocean_menu_typo_font_weight_mobile":"","ocean_menu_typo_transform":"","ocean_menu_typo_transform_tablet":"","ocean_menu_typo_transform_mobile":"","ocean_menu_typo_line_height":0,"ocean_menu_typo_line_height_tablet":0,"ocean_menu_typo_line_height_mobile":0,"ocean_menu_typo_line_height_unit":"","ocean_menu_typo_spacing":0,"ocean_menu_typo_spacing_tablet":0,"ocean_menu_typo_spacing_mobile":0,"ocean_menu_typo_spacing_unit":"","ocean_menu_link_color":"","ocean_menu_link_color_hover":"","ocean_menu_link_color_active":"","ocean_menu_link_background":"","ocean_menu_link_hover_background":"","ocean_menu_link_active_background":"","ocean_menu_social_links_bg":"","ocean_menu_social_hover_links_bg":"","ocean_menu_social_links_color":"","ocean_menu_social_hover_links_color":"","ocean_disable_title":"default","ocean_disable_heading":"default","ocean_post_title":"","ocean_post_subheading":"","ocean_post_title_style":"","ocean_post_title_background_color":"","ocean_post_title_background":0,"ocean_post_title_bg_image_position":"","ocean_post_title_bg_image_attachment":"","ocean_post_title_bg_image_repeat":"","ocean_post_title_bg_image_size":"","ocean_post_title_height":0,"ocean_post_title_bg_overlay":0.5,"ocean_post_title_bg_overlay_color":"","ocean_disable_breadcrumbs":"default","ocean_breadcrumbs_color":"","ocean_breadcrumbs_separator_color":"","ocean_breadcrumbs_links_color":"","ocean_breadcrumbs_links_hover_color":"","ocean_display_footer_widgets":"default","ocean_display_footer_bottom":"default","ocean_custom_footer_template":"0","footnotes":""},"class_list":["post-1379","page","type-page","status-publish","hentry","entry"],"acf":[],"_links":{"self":[{"href":"https:\/\/kulturschmiede-ev.de\/index.php\/wp-json\/wp\/v2\/pages\/1379","targetHints":{"allow":["GET"]}}],"collection":[{"href":"https:\/\/kulturschmiede-ev.de\/index.php\/wp-json\/wp\/v2\/pages"}],"about":[{"href":"https:\/\/kulturschmiede-ev.de\/index.php\/wp-json\/wp\/v2\/types\/page"}],"author":[{"embeddable":true,"href":"https:\/\/kulturschmiede-ev.de\/index.php\/wp-json\/wp\/v2\/users\/1"}],"replies":[{"embeddable":true,"href":"https:\/\/kulturschmiede-ev.de\/index.php\/wp-json\/wp\/v2\/comments?post=1379"}],"version-history":[{"count":149,"href":"https:\/\/kulturschmiede-ev.de\/index.php\/wp-json\/wp\/v2\/pages\/1379\/revisions"}],"predecessor-version":[{"id":8476,"href":"https:\/\/kulturschmiede-ev.de\/index.php\/wp-json\/wp\/v2\/pages\/1379\/revisions\/8476"}],"wp:attachment":[{"href":"https:\/\/kulturschmiede-ev.de\/index.php\/wp-json\/wp\/v2\/media?parent=1379"}],"curies":[{"name":"wp","href":"https:\/\/api.w.org\/{rel}","templated":true}]}}