{"id":2,"date":"2016-02-16T15:28:41","date_gmt":"2016-02-16T14:28:41","guid":{"rendered":"http:\/\/kulturschmiede-ev.de\/?page_id=2"},"modified":"2025-05-24T16:13:10","modified_gmt":"2025-05-24T14:13:10","slug":"ueber-uns","status":"publish","type":"page","link":"https:\/\/kulturschmiede-ev.de\/index.php\/ueber-uns\/","title":{"rendered":"\u00dcber uns"},"content":{"rendered":"\t\t<div data-elementor-type=\"wp-page\" data-elementor-id=\"2\" class=\"elementor elementor-2\">\n\t\t\t\t<div class=\"elementor-element elementor-element-1f4fb1cf e-flex e-con-boxed e-con e-parent\" data-id=\"1f4fb1cf\" data-element_type=\"container\" data-e-type=\"container\">\n\t\t\t\t\t<div class=\"e-con-inner\">\n\t\t\t\t<div class=\"elementor-element elementor-element-f82d8b9 elementor-widget elementor-widget-heading\" data-id=\"f82d8b9\" data-element_type=\"widget\" data-e-type=\"widget\" data-widget_type=\"heading.default\">\n\t\t\t\t<div class=\"elementor-widget-container\">\n\t\t\t\t\t<h2 class=\"elementor-heading-title elementor-size-default\">Warum engagieren wir uns f\u00fcr das Projekt?<\/h2>\t\t\t\t<\/div>\n\t\t\t\t<\/div>\n\t\t\t\t<div class=\"elementor-element elementor-element-0b44c83 elementor-widget elementor-widget-text-editor\" data-id=\"0b44c83\" data-element_type=\"widget\" data-e-type=\"widget\" data-widget_type=\"text-editor.default\">\n\t\t\t\t<div class=\"elementor-widget-container\">\n\t\t\t\t\t\t\t\t\t<p>Wir m\u00f6chten Kontakte und M\u00f6glichkeiten im Stadtteil erweitern und einen Kulturort schaffen, der Menschen zusammenbringt.<\/p><p>Da wir seit 1982 mit 5 Familien in Cronenberg auf dem angrenzenden Grundst\u00fcck zusammenleben, haben wir sehr gute und langj\u00e4hrige Gemeinschaftserfahrung mit \u00f6ffentlichen Veranstaltungen wie z.B. Musik und Kunst im Reihenhaus.<\/p><div class=\"\"><span class=\"\">Inzwischen sind zahlreiche weitere\u00a0<\/span><span class=\"\">Mitglieder<\/span><span class=\"\">\u00a0und Engagierte aus der unmittelbaren und weiter entfernt liegenden Nachbarschaft hinzugekommen, und die Kulturschmiede wird h\u00e4ufig und gerne f\u00fcr interne und \u00f6ffentliche\u00a0Veranstaltungen unterschiedlichster Art genutzt.\u00a0<\/span><\/div>\t\t\t\t\t\t\t\t<\/div>\n\t\t\t\t<\/div>\n\t\t\t\t<div class=\"elementor-element elementor-element-77163f2 elementor-widget elementor-widget-heading\" data-id=\"77163f2\" data-element_type=\"widget\" data-e-type=\"widget\" data-widget_type=\"heading.default\">\n\t\t\t\t<div class=\"elementor-widget-container\">\n\t\t\t\t\t<h2 class=\"elementor-heading-title elementor-size-default\">Welche Ziele verfolgt das Projekt?<\/h2>\t\t\t\t<\/div>\n\t\t\t\t<\/div>\n\t\t\t\t<div class=\"elementor-element elementor-element-dcab8fd elementor-widget elementor-widget-text-editor\" data-id=\"dcab8fd\" data-element_type=\"widget\" data-e-type=\"widget\" data-widget_type=\"text-editor.default\">\n\t\t\t\t<div class=\"elementor-widget-container\">\n\t\t\t\t\t\t\t\t\t<p>Aufgabe des Vereins \u201eKulturschmiede e.V. An der H\u00fctte drei\u201c\u00a0soll es sein, das nachbarschaftliche Miteinander im Stadtteil durch\u00a0lebensnahe Kulturarbeit zu f\u00f6rdern.<\/p><ul><li>Vortr\u00e4ge zu wissenschaftlichen und zukunftsweisenden\u00a0Themen<\/li><li>Kunst- und Kultur-Veranstaltungen<\/li><li>Ausstellungen<\/li><li>Regelm\u00e4\u00dfige Gespr\u00e4chskreise<\/li><li>Kurse f\u00fcr Sprache, Literatur und Kreativ-Angebote<\/li><li>Kochen, Backen und Gastlichkeit<\/li><li>Stammtische<\/li><li>Kleine private Feiern wie\u00a0Konfirmationen, Geburtstage o.\u00e4.<\/li><li>Vernetzung zu einer intakten und lebendigen Nachbarschaft<\/li><\/ul>\t\t\t\t\t\t\t\t<\/div>\n\t\t\t\t<\/div>\n\t\t\t\t<div class=\"elementor-element elementor-element-527634d elementor-widget elementor-widget-heading\" data-id=\"527634d\" data-element_type=\"widget\" data-e-type=\"widget\" data-widget_type=\"heading.default\">\n\t\t\t\t<div class=\"elementor-widget-container\">\n\t\t\t\t\t<h2 class=\"elementor-heading-title elementor-size-default\">Seien Sie dabei und machen Sie mit!<\/h2>\t\t\t\t<\/div>\n\t\t\t\t<\/div>\n\t\t\t\t<div class=\"elementor-element elementor-element-d8e75e0 elementor-widget elementor-widget-text-editor\" data-id=\"d8e75e0\" data-element_type=\"widget\" data-e-type=\"widget\" data-widget_type=\"text-editor.default\">\n\t\t\t\t<div class=\"elementor-widget-container\">\n\t\t\t\t\t\t\t\t\t<div class=\"\">\u00a0<\/div><p>Sowohl Menschen aus der Nachbarschaft als auch Vereinsmitglieder\u00a0k\u00f6nnen hier initiativ werden.<br \/>Das Mitmachen und Miterleben ist ausdr\u00fccklich erw\u00fcnscht.\u00a0Alle Ideen zu unseren Kernthemen\u00a0k\u00f6nnen eingebracht und in Zusammenarbeit\u00a0mit uns umgesetzt\u00a0werden.<\/p><h4>Kontakt:<\/h4><p>Kulturschmiede e.V.<br \/>An der H\u00fctte 3<br \/>42349 Wuppertal<\/p><p><a href=\"mailto:info@kulturschmiede-ev.de\">info@kulturschmiede-ev.de<\/a><br \/>www.kulturschmiede-ev.de<\/p><p><a href=\"https:\/\/kulturschmiede-ev.de\/wp-content\/uploads\/2016\/04\/beitrittserklaerung-042016.pdf\" target=\"_blank&quot;\">Unsere Beitritterkl\u00e4rung und eine SEPA-Lastschriftmandat finden Sie hier.<\/a><\/p>\t\t\t\t\t\t\t\t<\/div>\n\t\t\t\t<\/div>\n\t\t\t\t\t<\/div>\n\t\t\t\t<\/div>\n\t\t\t\t<\/div>\n\t\t","protected":false},"excerpt":{"rendered":"<p>Warum engagieren wir uns f\u00fcr das Projekt? Wir m\u00f6chten Kontakte und M\u00f6glichkeiten im Stadtteil erweitern und einen Kulturort schaffen, der Menschen zusammenbringt. Da wir seit 1982 mit 5 Familien in [&hellip;]<\/p>\n","protected":false},"author":1,"featured_media":0,"parent":0,"menu_order":0,"comment_status":"closed","ping_status":"open","template":"","meta":{"_acf_changed":false,"ocean_post_layout":"","ocean_both_sidebars_style":"","ocean_both_sidebars_content_width":0,"ocean_both_sidebars_sidebars_width":0,"ocean_sidebar":"","ocean_second_sidebar":"","ocean_disable_margins":"enable","ocean_add_body_class":"","ocean_shortcode_before_top_bar":"","ocean_shortcode_after_top_bar":"","ocean_shortcode_before_header":"","ocean_shortcode_after_header":"","ocean_has_shortcode":"","ocean_shortcode_after_title":"","ocean_shortcode_before_footer_widgets":"","ocean_shortcode_after_footer_widgets":"","ocean_shortcode_before_footer_bottom":"","ocean_shortcode_after_footer_bottom":"","ocean_display_top_bar":"default","ocean_display_header":"default","ocean_header_style":"","ocean_center_header_left_menu":"","ocean_custom_header_template":"","ocean_custom_logo":0,"ocean_custom_retina_logo":0,"ocean_custom_logo_max_width":0,"ocean_custom_logo_tablet_max_width":0,"ocean_custom_logo_mobile_max_width":0,"ocean_custom_logo_max_height":0,"ocean_custom_logo_tablet_max_height":0,"ocean_custom_logo_mobile_max_height":0,"ocean_header_custom_menu":"","ocean_menu_typo_font_family":"","ocean_menu_typo_font_subset":"","ocean_menu_typo_font_size":0,"ocean_menu_typo_font_size_tablet":0,"ocean_menu_typo_font_size_mobile":0,"ocean_menu_typo_font_size_unit":"px","ocean_menu_typo_font_weight":"","ocean_menu_typo_font_weight_tablet":"","ocean_menu_typo_font_weight_mobile":"","ocean_menu_typo_transform":"","ocean_menu_typo_transform_tablet":"","ocean_menu_typo_transform_mobile":"","ocean_menu_typo_line_height":0,"ocean_menu_typo_line_height_tablet":0,"ocean_menu_typo_line_height_mobile":0,"ocean_menu_typo_line_height_unit":"","ocean_menu_typo_spacing":0,"ocean_menu_typo_spacing_tablet":0,"ocean_menu_typo_spacing_mobile":0,"ocean_menu_typo_spacing_unit":"","ocean_menu_link_color":"","ocean_menu_link_color_hover":"","ocean_menu_link_color_active":"","ocean_menu_link_background":"","ocean_menu_link_hover_background":"","ocean_menu_link_active_background":"","ocean_menu_social_links_bg":"","ocean_menu_social_hover_links_bg":"","ocean_menu_social_links_color":"","ocean_menu_social_hover_links_color":"","ocean_disable_title":"default","ocean_disable_heading":"default","ocean_post_title":"","ocean_post_subheading":"","ocean_post_title_style":"","ocean_post_title_background_color":"","ocean_post_title_background":0,"ocean_post_title_bg_image_position":"","ocean_post_title_bg_image_attachment":"","ocean_post_title_bg_image_repeat":"","ocean_post_title_bg_image_size":"","ocean_post_title_height":0,"ocean_post_title_bg_overlay":0.5,"ocean_post_title_bg_overlay_color":"","ocean_disable_breadcrumbs":"default","ocean_breadcrumbs_color":"","ocean_breadcrumbs_separator_color":"","ocean_breadcrumbs_links_color":"","ocean_breadcrumbs_links_hover_color":"","ocean_display_footer_widgets":"default","ocean_display_footer_bottom":"default","ocean_custom_footer_template":"","footnotes":""},"class_list":["post-2","page","type-page","status-publish","hentry","entry"],"acf":[],"_links":{"self":[{"href":"https:\/\/kulturschmiede-ev.de\/index.php\/wp-json\/wp\/v2\/pages\/2","targetHints":{"allow":["GET"]}}],"collection":[{"href":"https:\/\/kulturschmiede-ev.de\/index.php\/wp-json\/wp\/v2\/pages"}],"about":[{"href":"https:\/\/kulturschmiede-ev.de\/index.php\/wp-json\/wp\/v2\/types\/page"}],"author":[{"embeddable":true,"href":"https:\/\/kulturschmiede-ev.de\/index.php\/wp-json\/wp\/v2\/users\/1"}],"replies":[{"embeddable":true,"href":"https:\/\/kulturschmiede-ev.de\/index.php\/wp-json\/wp\/v2\/comments?post=2"}],"version-history":[{"count":3,"href":"https:\/\/kulturschmiede-ev.de\/index.php\/wp-json\/wp\/v2\/pages\/2\/revisions"}],"predecessor-version":[{"id":6935,"href":"https:\/\/kulturschmiede-ev.de\/index.php\/wp-json\/wp\/v2\/pages\/2\/revisions\/6935"}],"wp:attachment":[{"href":"https:\/\/kulturschmiede-ev.de\/index.php\/wp-json\/wp\/v2\/media?parent=2"}],"curies":[{"name":"wp","href":"https:\/\/api.w.org\/{rel}","templated":true}]}}