{"id":500,"date":"2017-06-01T14:18:23","date_gmt":"2017-06-01T12:18:23","guid":{"rendered":"http:\/\/kulturschmiede-ev.de\/?page_id=500"},"modified":"2025-05-15T16:49:20","modified_gmt":"2025-05-15T14:49:20","slug":"fotogalerie","status":"publish","type":"page","link":"https:\/\/kulturschmiede-ev.de\/index.php\/fotogalerie\/","title":{"rendered":"Fotogalerie"},"content":{"rendered":"<figure id=\"attachment_268\" aria-describedby=\"caption-attachment-268\" style=\"width: 533px\" class=\"wp-caption alignnone\"><img fetchpriority=\"high\" decoding=\"async\" class=\"size-medium wp-image-268\" src=\"https:\/\/kulturschmiede-ev.de\/wp-content\/uploads\/2016\/02\/IMG_1383-533x400.jpg\" alt=\"\" width=\"533\" height=\"400\" srcset=\"https:\/\/kulturschmiede-ev.de\/wp-content\/uploads\/2016\/02\/IMG_1383-533x400.jpg 533w, https:\/\/kulturschmiede-ev.de\/wp-content\/uploads\/2016\/02\/IMG_1383-1024x768.jpg 1024w, https:\/\/kulturschmiede-ev.de\/wp-content\/uploads\/2016\/02\/IMG_1383-1200x900.jpg 1200w\" sizes=\"(max-width: 533px) 100vw, 533px\" \/><figcaption id=\"caption-attachment-268\" class=\"wp-caption-text\">Innenraum Vortrags-M\u00f6blierung<\/figcaption><\/figure>\n<p><img decoding=\"async\" class=\"alignnone size-medium wp-image-3873\" src=\"https:\/\/kulturschmiede-ev.de\/wp-content\/uploads\/2022\/06\/IMG_0159-1-533x400.jpg\" alt=\"\" width=\"533\" height=\"400\" srcset=\"https:\/\/kulturschmiede-ev.de\/wp-content\/uploads\/2022\/06\/IMG_0159-1-533x400.jpg 533w, https:\/\/kulturschmiede-ev.de\/wp-content\/uploads\/2022\/06\/IMG_0159-1-1024x768.jpg 1024w, https:\/\/kulturschmiede-ev.de\/wp-content\/uploads\/2022\/06\/IMG_0159-1-1200x900.jpg 1200w, https:\/\/kulturschmiede-ev.de\/wp-content\/uploads\/2022\/06\/IMG_0159-1.jpg 2016w\" sizes=\"(max-width: 533px) 100vw, 533px\" \/><\/p>\n<div id='gallery-1' class='gallery galleryid-500 gallery-columns-5 gallery-size-thumbnail'><figure class='gallery-item'>\n\t\t\t<div class='gallery-icon landscape'>\n\t\t\t\t<a href='https:\/\/kulturschmiede-ev.de\/index.php\/fotogalerie\/img_8566\/'><img decoding=\"async\" width=\"150\" height=\"150\" src=\"https:\/\/kulturschmiede-ev.de\/wp-content\/uploads\/2019\/05\/IMG_8566-150x150.jpg\" class=\"attachment-thumbnail size-thumbnail\" alt=\"\" aria-describedby=\"gallery-1-1779\" \/><\/a>\n\t\t\t<\/div>\n\t\t\t\t<figcaption class='wp-caption-text gallery-caption' id='gallery-1-1779'>\n\t\t\t\tCatering Restaurant Gustus\n\t\t\t\t<\/figcaption><\/figure><figure class='gallery-item'>\n\t\t\t<div class='gallery-icon landscape'>\n\t\t\t\t<a href='https:\/\/kulturschmiede-ev.de\/index.php\/fotogalerie\/img_8565\/'><img loading=\"lazy\" decoding=\"async\" width=\"150\" height=\"150\" src=\"https:\/\/kulturschmiede-ev.de\/wp-content\/uploads\/2019\/05\/IMG_8565-150x150.jpg\" class=\"attachment-thumbnail size-thumbnail\" alt=\"\" aria-describedby=\"gallery-1-1778\" \/><\/a>\n\t\t\t<\/div>\n\t\t\t\t<figcaption class='wp-caption-text gallery-caption' id='gallery-1-1778'>\n\t\t\t\tCatering Restaurant Gustus\n\t\t\t\t<\/figcaption><\/figure><figure class='gallery-item'>\n\t\t\t<div class='gallery-icon landscape'>\n\t\t\t\t<a href='https:\/\/kulturschmiede-ev.de\/index.php\/fotogalerie\/img_8569\/'><img loading=\"lazy\" decoding=\"async\" width=\"150\" height=\"150\" src=\"https:\/\/kulturschmiede-ev.de\/wp-content\/uploads\/2019\/05\/IMG_8569-150x150.jpg\" class=\"attachment-thumbnail size-thumbnail\" alt=\"\" aria-describedby=\"gallery-1-1781\" \/><\/a>\n\t\t\t<\/div>\n\t\t\t\t<figcaption class='wp-caption-text gallery-caption' id='gallery-1-1781'>\n\t\t\t\tCatering Restaurant Gustus\n\t\t\t\t<\/figcaption><\/figure><figure class='gallery-item'>\n\t\t\t<div class='gallery-icon landscape'>\n\t\t\t\t<a href='https:\/\/kulturschmiede-ev.de\/index.php\/fotogalerie\/img_8570\/'><img loading=\"lazy\" decoding=\"async\" width=\"150\" height=\"150\" src=\"https:\/\/kulturschmiede-ev.de\/wp-content\/uploads\/2019\/05\/IMG_8570-150x150.jpg\" class=\"attachment-thumbnail size-thumbnail\" alt=\"\" aria-describedby=\"gallery-1-1782\" \/><\/a>\n\t\t\t<\/div>\n\t\t\t\t<figcaption class='wp-caption-text gallery-caption' id='gallery-1-1782'>\n\t\t\t\tCatering Restaurant Gustus\n\t\t\t\t<\/figcaption><\/figure><figure class='gallery-item'>\n\t\t\t<div class='gallery-icon landscape'>\n\t\t\t\t<a href='https:\/\/kulturschmiede-ev.de\/index.php\/fotogalerie\/img_8563\/'><img loading=\"lazy\" decoding=\"async\" width=\"150\" height=\"150\" src=\"https:\/\/kulturschmiede-ev.de\/wp-content\/uploads\/2019\/05\/IMG_8563-150x150.jpg\" class=\"attachment-thumbnail size-thumbnail\" alt=\"\" aria-describedby=\"gallery-1-1777\" \/><\/a>\n\t\t\t<\/div>\n\t\t\t\t<figcaption class='wp-caption-text gallery-caption' id='gallery-1-1777'>\n\t\t\t\tCatering Restaurant Gustus\n\t\t\t\t<\/figcaption><\/figure>\n\t\t<\/div>\n\n<figure id=\"attachment_1776\" aria-describedby=\"caption-attachment-1776\" style=\"width: 533px\" class=\"wp-caption alignnone\"><img loading=\"lazy\" decoding=\"async\" class=\"wp-image-1776 size-medium\" src=\"https:\/\/kulturschmiede-ev.de\/wp-content\/uploads\/2019\/05\/IMG_8556-533x400.jpg\" alt=\"\" width=\"533\" height=\"400\" srcset=\"https:\/\/kulturschmiede-ev.de\/wp-content\/uploads\/2019\/05\/IMG_8556-533x400.jpg 533w, https:\/\/kulturschmiede-ev.de\/wp-content\/uploads\/2019\/05\/IMG_8556-1024x768.jpg 1024w, https:\/\/kulturschmiede-ev.de\/wp-content\/uploads\/2019\/05\/IMG_8556-1200x900.jpg 1200w\" sizes=\"(max-width: 533px) 100vw, 533px\" \/><figcaption id=\"caption-attachment-1776\" class=\"wp-caption-text\">Festliche Hochzeit<\/figcaption><\/figure>\n<figure id=\"attachment_1775\" aria-describedby=\"caption-attachment-1775\" style=\"width: 533px\" class=\"wp-caption alignnone\"><img loading=\"lazy\" decoding=\"async\" class=\"wp-image-1775 size-medium\" src=\"https:\/\/kulturschmiede-ev.de\/wp-content\/uploads\/2019\/05\/IMG_8561-533x400.jpg\" alt=\"\" width=\"533\" height=\"400\" srcset=\"https:\/\/kulturschmiede-ev.de\/wp-content\/uploads\/2019\/05\/IMG_8561-533x400.jpg 533w, https:\/\/kulturschmiede-ev.de\/wp-content\/uploads\/2019\/05\/IMG_8561-1024x768.jpg 1024w, https:\/\/kulturschmiede-ev.de\/wp-content\/uploads\/2019\/05\/IMG_8561-1200x900.jpg 1200w\" sizes=\"(max-width: 533px) 100vw, 533px\" \/><figcaption id=\"caption-attachment-1775\" class=\"wp-caption-text\">Festliche Hochzeit<\/figcaption><\/figure>\n<figure id=\"attachment_1774\" aria-describedby=\"caption-attachment-1774\" style=\"width: 533px\" class=\"wp-caption alignnone\"><img loading=\"lazy\" decoding=\"async\" class=\"wp-image-1774 size-medium\" src=\"https:\/\/kulturschmiede-ev.de\/wp-content\/uploads\/2019\/05\/IMG_8552-533x400.jpg\" alt=\"\" width=\"533\" height=\"400\" srcset=\"https:\/\/kulturschmiede-ev.de\/wp-content\/uploads\/2019\/05\/IMG_8552-533x400.jpg 533w, https:\/\/kulturschmiede-ev.de\/wp-content\/uploads\/2019\/05\/IMG_8552-1024x768.jpg 1024w, https:\/\/kulturschmiede-ev.de\/wp-content\/uploads\/2019\/05\/IMG_8552-1200x900.jpg 1200w\" sizes=\"(max-width: 533px) 100vw, 533px\" \/><figcaption id=\"caption-attachment-1774\" class=\"wp-caption-text\">Blick aus dem Garten<\/figcaption><\/figure>\n<figure id=\"attachment_1772\" aria-describedby=\"caption-attachment-1772\" style=\"width: 533px\" class=\"wp-caption alignnone\"><img loading=\"lazy\" decoding=\"async\" class=\"wp-image-1772 size-medium\" src=\"https:\/\/kulturschmiede-ev.de\/wp-content\/uploads\/2019\/05\/IMG_8550-533x400.jpg\" alt=\"\" width=\"533\" height=\"400\" srcset=\"https:\/\/kulturschmiede-ev.de\/wp-content\/uploads\/2019\/05\/IMG_8550-533x400.jpg 533w, https:\/\/kulturschmiede-ev.de\/wp-content\/uploads\/2019\/05\/IMG_8550-1024x768.jpg 1024w, https:\/\/kulturschmiede-ev.de\/wp-content\/uploads\/2019\/05\/IMG_8550-1200x900.jpg 1200w\" sizes=\"(max-width: 533px) 100vw, 533px\" \/><figcaption id=\"caption-attachment-1772\" class=\"wp-caption-text\">Festliche Hochzeit<\/figcaption><\/figure>\n<figure id=\"attachment_1788\" aria-describedby=\"caption-attachment-1788\" style=\"width: 533px\" class=\"wp-caption alignnone\"><img loading=\"lazy\" decoding=\"async\" class=\"wp-image-1788 size-medium\" src=\"https:\/\/kulturschmiede-ev.de\/wp-content\/uploads\/2019\/05\/IMG_2646-533x400.jpg\" alt=\"\" width=\"533\" height=\"400\" srcset=\"https:\/\/kulturschmiede-ev.de\/wp-content\/uploads\/2019\/05\/IMG_2646-533x400.jpg 533w, https:\/\/kulturschmiede-ev.de\/wp-content\/uploads\/2019\/05\/IMG_2646-1024x768.jpg 1024w, https:\/\/kulturschmiede-ev.de\/wp-content\/uploads\/2019\/05\/IMG_2646-1200x900.jpg 1200w\" sizes=\"(max-width: 533px) 100vw, 533px\" \/><figcaption id=\"caption-attachment-1788\" class=\"wp-caption-text\">Nachbarschaftskaffeetrinken an jedem letzten Sonntag im Monat um 15.00 Uhr<\/figcaption><\/figure>\n<figure id=\"attachment_543\" aria-describedby=\"caption-attachment-543\" style=\"width: 533px\" class=\"wp-caption alignnone\"><img loading=\"lazy\" decoding=\"async\" class=\"wp-image-543 size-medium\" src=\"https:\/\/kulturschmiede-ev.de\/wp-content\/uploads\/2017\/07\/IMG_4975.Festlich-1-533x400.jpg\" width=\"533\" height=\"400\" srcset=\"https:\/\/kulturschmiede-ev.de\/wp-content\/uploads\/2017\/07\/IMG_4975.Festlich-1-533x400.jpg 533w, https:\/\/kulturschmiede-ev.de\/wp-content\/uploads\/2017\/07\/IMG_4975.Festlich-1.jpg 1000w\" sizes=\"(max-width: 533px) 100vw, 533px\" \/><figcaption id=\"caption-attachment-543\" class=\"wp-caption-text\">Kulturschmiede festlich<\/figcaption><\/figure>\n<figure id=\"attachment_501\" aria-describedby=\"caption-attachment-501\" style=\"width: 533px\" class=\"wp-caption alignnone\"><img loading=\"lazy\" decoding=\"async\" class=\"size-medium wp-image-501\" src=\"https:\/\/kulturschmiede-ev.de\/wp-content\/uploads\/2017\/06\/IMG_4780-533x400.jpg\" alt=\"\" width=\"533\" height=\"400\" srcset=\"https:\/\/kulturschmiede-ev.de\/wp-content\/uploads\/2017\/06\/IMG_4780-533x400.jpg 533w, https:\/\/kulturschmiede-ev.de\/wp-content\/uploads\/2017\/06\/IMG_4780-1024x768.jpg 1024w, https:\/\/kulturschmiede-ev.de\/wp-content\/uploads\/2017\/06\/IMG_4780-1200x900.jpg 1200w\" sizes=\"(max-width: 533px) 100vw, 533px\" \/><figcaption id=\"caption-attachment-501\" class=\"wp-caption-text\">Eingang &#8211; Herzlich Willkommen<\/figcaption><\/figure>\n<figure id=\"attachment_502\" aria-describedby=\"caption-attachment-502\" style=\"width: 533px\" class=\"wp-caption alignnone\"><img loading=\"lazy\" decoding=\"async\" class=\"wp-image-502 size-medium\" src=\"https:\/\/kulturschmiede-ev.de\/wp-content\/uploads\/2017\/06\/IMG_4805-533x400.jpg\" alt=\"\" width=\"533\" height=\"400\" srcset=\"https:\/\/kulturschmiede-ev.de\/wp-content\/uploads\/2017\/06\/IMG_4805-533x400.jpg 533w, https:\/\/kulturschmiede-ev.de\/wp-content\/uploads\/2017\/06\/IMG_4805-1024x768.jpg 1024w, https:\/\/kulturschmiede-ev.de\/wp-content\/uploads\/2017\/06\/IMG_4805-1200x900.jpg 1200w\" sizes=\"(max-width: 533px) 100vw, 533px\" \/><figcaption id=\"caption-attachment-502\" class=\"wp-caption-text\">Eingang zur K\u00fcche mit K\u00fchlschrank, Herd, Sp\u00fclmaschine, Geschirr, Gl\u00e4ser und Besteck f\u00fcr ca. 30 Personen<\/figcaption><\/figure>\n<figure id=\"attachment_503\" aria-describedby=\"caption-attachment-503\" style=\"width: 533px\" class=\"wp-caption alignnone\"><img loading=\"lazy\" decoding=\"async\" class=\"size-medium wp-image-503\" src=\"https:\/\/kulturschmiede-ev.de\/wp-content\/uploads\/2017\/06\/IMG_2034.jpg_H\u00fctte_festlich-533x400.jpg\" alt=\"\" width=\"533\" height=\"400\" srcset=\"https:\/\/kulturschmiede-ev.de\/wp-content\/uploads\/2017\/06\/IMG_2034.jpg_H\u00fctte_festlich-533x400.jpg 533w, https:\/\/kulturschmiede-ev.de\/wp-content\/uploads\/2017\/06\/IMG_2034.jpg_H\u00fctte_festlich.jpg 1000w\" sizes=\"(max-width: 533px) 100vw, 533px\" \/><figcaption id=\"caption-attachment-503\" class=\"wp-caption-text\">Festlich gedeckt f\u00fcr eine Hochzeit<\/figcaption><\/figure>\n<figure id=\"attachment_504\" aria-describedby=\"caption-attachment-504\" style=\"width: 533px\" class=\"wp-caption alignnone\"><img loading=\"lazy\" decoding=\"async\" class=\"size-medium wp-image-504\" src=\"https:\/\/kulturschmiede-ev.de\/wp-content\/uploads\/2017\/06\/IMG_3521-533x400.jpg\" alt=\"\" width=\"533\" height=\"400\" srcset=\"https:\/\/kulturschmiede-ev.de\/wp-content\/uploads\/2017\/06\/IMG_3521-533x400.jpg 533w, https:\/\/kulturschmiede-ev.de\/wp-content\/uploads\/2017\/06\/IMG_3521-1024x768.jpg 1024w, https:\/\/kulturschmiede-ev.de\/wp-content\/uploads\/2017\/06\/IMG_3521-1200x900.jpg 1200w\" sizes=\"(max-width: 533px) 100vw, 533px\" \/><figcaption id=\"caption-attachment-504\" class=\"wp-caption-text\">Festliche Feier<\/figcaption><\/figure>\n<figure id=\"attachment_506\" aria-describedby=\"caption-attachment-506\" style=\"width: 533px\" class=\"wp-caption alignnone\"><img loading=\"lazy\" decoding=\"async\" class=\"wp-image-506 size-medium\" src=\"https:\/\/kulturschmiede-ev.de\/wp-content\/uploads\/2017\/06\/IMG_1426Musik-zum-Anfang-533x400.jpg\" width=\"533\" height=\"400\" srcset=\"https:\/\/kulturschmiede-ev.de\/wp-content\/uploads\/2017\/06\/IMG_1426Musik-zum-Anfang-533x400.jpg 533w, https:\/\/kulturschmiede-ev.de\/wp-content\/uploads\/2017\/06\/IMG_1426Musik-zum-Anfang.jpg 1000w\" sizes=\"(max-width: 533px) 100vw, 533px\" \/><figcaption id=\"caption-attachment-506\" class=\"wp-caption-text\">Werner Dickel mit Student spielen zur Er\u00f6ffnung<\/figcaption><\/figure>\n<figure id=\"attachment_507\" aria-describedby=\"caption-attachment-507\" style=\"width: 533px\" class=\"wp-caption alignnone\"><img loading=\"lazy\" decoding=\"async\" class=\"size-medium wp-image-507\" src=\"https:\/\/kulturschmiede-ev.de\/wp-content\/uploads\/2017\/06\/IMG_4364-533x400.jpg\" alt=\"\" width=\"533\" height=\"400\" srcset=\"https:\/\/kulturschmiede-ev.de\/wp-content\/uploads\/2017\/06\/IMG_4364-533x400.jpg 533w, https:\/\/kulturschmiede-ev.de\/wp-content\/uploads\/2017\/06\/IMG_4364-1024x768.jpg 1024w, https:\/\/kulturschmiede-ev.de\/wp-content\/uploads\/2017\/06\/IMG_4364-1200x900.jpg 1200w\" sizes=\"(max-width: 533px) 100vw, 533px\" \/><figcaption id=\"caption-attachment-507\" class=\"wp-caption-text\">Joseph Neumann berichtet \u00fcber Bangladesch<\/figcaption><\/figure>\n<figure id=\"attachment_508\" aria-describedby=\"caption-attachment-508\" style=\"width: 533px\" class=\"wp-caption alignnone\"><img loading=\"lazy\" decoding=\"async\" class=\"wp-image-508 size-medium\" src=\"https:\/\/kulturschmiede-ev.de\/wp-content\/uploads\/2017\/06\/IMG_4788-533x400.jpg\" width=\"533\" height=\"400\" srcset=\"https:\/\/kulturschmiede-ev.de\/wp-content\/uploads\/2017\/06\/IMG_4788-533x400.jpg 533w, https:\/\/kulturschmiede-ev.de\/wp-content\/uploads\/2017\/06\/IMG_4788-1024x768.jpg 1024w, https:\/\/kulturschmiede-ev.de\/wp-content\/uploads\/2017\/06\/IMG_4788-1200x900.jpg 1200w\" sizes=\"(max-width: 533px) 100vw, 533px\" \/><figcaption id=\"caption-attachment-508\" class=\"wp-caption-text\">Gartenansicht<\/figcaption><\/figure>\n<figure id=\"attachment_510\" aria-describedby=\"caption-attachment-510\" style=\"width: 533px\" class=\"wp-caption alignnone\"><img loading=\"lazy\" decoding=\"async\" class=\"size-medium wp-image-510\" src=\"https:\/\/kulturschmiede-ev.de\/wp-content\/uploads\/2017\/06\/IMG_4790-533x400.jpg\" alt=\"\" width=\"533\" height=\"400\" srcset=\"https:\/\/kulturschmiede-ev.de\/wp-content\/uploads\/2017\/06\/IMG_4790-533x400.jpg 533w, https:\/\/kulturschmiede-ev.de\/wp-content\/uploads\/2017\/06\/IMG_4790-1024x768.jpg 1024w, https:\/\/kulturschmiede-ev.de\/wp-content\/uploads\/2017\/06\/IMG_4790-1200x900.jpg 1200w\" sizes=\"(max-width: 533px) 100vw, 533px\" \/><figcaption id=\"caption-attachment-510\" class=\"wp-caption-text\">Spalierobstb\u00e4ume an der Mauer zum Nachbarn<\/figcaption><\/figure>\n<figure id=\"attachment_511\" aria-describedby=\"caption-attachment-511\" style=\"width: 533px\" class=\"wp-caption alignnone\"><img loading=\"lazy\" decoding=\"async\" class=\"size-medium wp-image-511\" src=\"https:\/\/kulturschmiede-ev.de\/wp-content\/uploads\/2017\/06\/IMG_4794-533x400.jpg\" alt=\"\" width=\"533\" height=\"400\" srcset=\"https:\/\/kulturschmiede-ev.de\/wp-content\/uploads\/2017\/06\/IMG_4794-533x400.jpg 533w, https:\/\/kulturschmiede-ev.de\/wp-content\/uploads\/2017\/06\/IMG_4794-1024x768.jpg 1024w, https:\/\/kulturschmiede-ev.de\/wp-content\/uploads\/2017\/06\/IMG_4794-1200x900.jpg 1200w\" sizes=\"(max-width: 533px) 100vw, 533px\" \/><figcaption id=\"caption-attachment-511\" class=\"wp-caption-text\">Viel Platz zum Verweilen<\/figcaption><\/figure>\n<figure id=\"attachment_512\" aria-describedby=\"caption-attachment-512\" style=\"width: 533px\" class=\"wp-caption alignnone\"><img loading=\"lazy\" decoding=\"async\" class=\"size-medium wp-image-512\" src=\"https:\/\/kulturschmiede-ev.de\/wp-content\/uploads\/2017\/06\/IMG_4807-533x400.jpg\" alt=\"\" width=\"533\" height=\"400\" srcset=\"https:\/\/kulturschmiede-ev.de\/wp-content\/uploads\/2017\/06\/IMG_4807-533x400.jpg 533w, https:\/\/kulturschmiede-ev.de\/wp-content\/uploads\/2017\/06\/IMG_4807-1024x768.jpg 1024w, https:\/\/kulturschmiede-ev.de\/wp-content\/uploads\/2017\/06\/IMG_4807-1200x900.jpg 1200w\" sizes=\"(max-width: 533px) 100vw, 533px\" \/><figcaption id=\"caption-attachment-512\" class=\"wp-caption-text\">Blick ins Dorf<\/figcaption><\/figure>\n<p>&nbsp;<\/p>\n","protected":false},"excerpt":{"rendered":"<p>&nbsp;<\/p>\n","protected":false},"author":3,"featured_media":0,"parent":0,"menu_order":0,"comment_status":"closed","ping_status":"closed","template":"","meta":{"_acf_changed":false,"ocean_post_layout":"","ocean_both_sidebars_style":"","ocean_both_sidebars_content_width":0,"ocean_both_sidebars_sidebars_width":0,"ocean_sidebar":"","ocean_second_sidebar":"","ocean_disable_margins":"enable","ocean_add_body_class":"","ocean_shortcode_before_top_bar":"","ocean_shortcode_after_top_bar":"","ocean_shortcode_before_header":"","ocean_shortcode_after_header":"","ocean_has_shortcode":"","ocean_shortcode_after_title":"","ocean_shortcode_before_footer_widgets":"","ocean_shortcode_after_footer_widgets":"","ocean_shortcode_before_footer_bottom":"","ocean_shortcode_after_footer_bottom":"","ocean_display_top_bar":"default","ocean_display_header":"default","ocean_header_style":"","ocean_center_header_left_menu":"","ocean_custom_header_template":"","ocean_custom_logo":0,"ocean_custom_retina_logo":0,"ocean_custom_logo_max_width":0,"ocean_custom_logo_tablet_max_width":0,"ocean_custom_logo_mobile_max_width":0,"ocean_custom_logo_max_height":0,"ocean_custom_logo_tablet_max_height":0,"ocean_custom_logo_mobile_max_height":0,"ocean_header_custom_menu":"","ocean_menu_typo_font_family":"","ocean_menu_typo_font_subset":"","ocean_menu_typo_font_size":0,"ocean_menu_typo_font_size_tablet":0,"ocean_menu_typo_font_size_mobile":0,"ocean_menu_typo_font_size_unit":"px","ocean_menu_typo_font_weight":"","ocean_menu_typo_font_weight_tablet":"","ocean_menu_typo_font_weight_mobile":"","ocean_menu_typo_transform":"","ocean_menu_typo_transform_tablet":"","ocean_menu_typo_transform_mobile":"","ocean_menu_typo_line_height":0,"ocean_menu_typo_line_height_tablet":0,"ocean_menu_typo_line_height_mobile":0,"ocean_menu_typo_line_height_unit":"","ocean_menu_typo_spacing":0,"ocean_menu_typo_spacing_tablet":0,"ocean_menu_typo_spacing_mobile":0,"ocean_menu_typo_spacing_unit":"","ocean_menu_link_color":"","ocean_menu_link_color_hover":"","ocean_menu_link_color_active":"","ocean_menu_link_background":"","ocean_menu_link_hover_background":"","ocean_menu_link_active_background":"","ocean_menu_social_links_bg":"","ocean_menu_social_hover_links_bg":"","ocean_menu_social_links_color":"","ocean_menu_social_hover_links_color":"","ocean_disable_title":"default","ocean_disable_heading":"default","ocean_post_title":"","ocean_post_subheading":"","ocean_post_title_style":"","ocean_post_title_background_color":"","ocean_post_title_background":0,"ocean_post_title_bg_image_position":"","ocean_post_title_bg_image_attachment":"","ocean_post_title_bg_image_repeat":"","ocean_post_title_bg_image_size":"","ocean_post_title_height":0,"ocean_post_title_bg_overlay":0.5,"ocean_post_title_bg_overlay_color":"","ocean_disable_breadcrumbs":"default","ocean_breadcrumbs_color":"","ocean_breadcrumbs_separator_color":"","ocean_breadcrumbs_links_color":"","ocean_breadcrumbs_links_hover_color":"","ocean_display_footer_widgets":"default","ocean_display_footer_bottom":"default","ocean_custom_footer_template":"","footnotes":""},"class_list":["post-500","page","type-page","status-publish","hentry","entry"],"acf":[],"_links":{"self":[{"href":"https:\/\/kulturschmiede-ev.de\/index.php\/wp-json\/wp\/v2\/pages\/500","targetHints":{"allow":["GET"]}}],"collection":[{"href":"https:\/\/kulturschmiede-ev.de\/index.php\/wp-json\/wp\/v2\/pages"}],"about":[{"href":"https:\/\/kulturschmiede-ev.de\/index.php\/wp-json\/wp\/v2\/types\/page"}],"author":[{"embeddable":true,"href":"https:\/\/kulturschmiede-ev.de\/index.php\/wp-json\/wp\/v2\/users\/3"}],"replies":[{"embeddable":true,"href":"https:\/\/kulturschmiede-ev.de\/index.php\/wp-json\/wp\/v2\/comments?post=500"}],"version-history":[{"count":1,"href":"https:\/\/kulturschmiede-ev.de\/index.php\/wp-json\/wp\/v2\/pages\/500\/revisions"}],"predecessor-version":[{"id":7699,"href":"https:\/\/kulturschmiede-ev.de\/index.php\/wp-json\/wp\/v2\/pages\/500\/revisions\/7699"}],"wp:attachment":[{"href":"https:\/\/kulturschmiede-ev.de\/index.php\/wp-json\/wp\/v2\/media?parent=500"}],"curies":[{"name":"wp","href":"https:\/\/api.w.org\/{rel}","templated":true}]}}